{"id":4413,"date":"2023-02-04T11:10:19","date_gmt":"2023-02-04T16:10:19","guid":{"rendered":"https:\/\/piscinedixiepool.com\/contact\/"},"modified":"2023-03-16T07:49:29","modified_gmt":"2023-03-16T11:49:29","slug":"contact","status":"publish","type":"page","link":"https:\/\/piscinedixiepool.com\/en\/contact\/","title":{"rendered":"Contact"},"content":{"rendered":"<p>[vc_row content_placement=&#8221;middle&#8221;][vc_column]<div class=\"qodef-section-title-holder  \" style=\"text-align: center\">\n\t<div class=\"qodef-st-inner\">\n                    <span class=\"qodef-st-background-text\" style=\"font-size: 150px;text-align: center\">Dixie<\/span>\n        \t\t\t\t\t<h1 class=\"qodef-st-title\" >\n\t\t\t\tContact us\t\t\t<\/h1>\n\t\t                        <span class=\"qodef-st-caption\" style=\"color: #ffffff\">-<\/span>\n        \t\t\t\t\t<\/div>\n<\/div>[vc_empty_space height=&#8221;50px&#8221;][\/vc_column][\/vc_row][vc_row][vc_column width=&#8221;1\/2&#8243;]<div class=\"qodef-iwt clearfix  qodef-iwt-icon-left-from-title qodef-iwt-icon-small\">\n\t<div class=\"qodef-iwt-content\" >\n\t\t\t\t\t<h4 class=\"qodef-iwt-title\" style=\"color: #00ace6\">\n\t\t\t\t\t\t\t\t\t<span class=\"qodef-iwt-icon\">\n\t\t\t\t\t\t\t\t\t\t\t\t\t    <span class=\"qodef-icon-shortcode qodef-normal   qodef-icon-small\"  data-color=\"#00ace6\">\n                    <i class=\"qodef-icon-dripicons dripicon dripicons-location qodef-icon-element\" style=\"color: #00ace6\" ><\/i>            <\/span>\n\t\t\t\t\t\t\t\t\t\t\t<\/span>\n\t\t\t\t\t<span class=\"qodef-iwt-title-text\">Pool address<\/span>\n\t\t\t\t\t\t\t<\/h4>\n\t\t\t\t\t<\/div>\n<\/div>[vc_empty_space height=&#8221;10px&#8221;][vc_column_text]695, 54e Avenue, Lachine, Qc\u00a0 <span class=\"LrzXr\">H8T 1M9<\/span>[\/vc_column_text][vc_empty_space height=&#8221;20px&#8221;]<div class=\"qodef-iwt clearfix  qodef-iwt-icon-left-from-title qodef-iwt-icon-small\">\n\t<div class=\"qodef-iwt-content\" >\n\t\t\t\t\t<h4 class=\"qodef-iwt-title\" style=\"color: #000000\">\n\t\t\t\t\t\t\t\t\t<span class=\"qodef-iwt-icon\">\n\t\t\t\t\t\t\t\t\t\t\t\t\t    <span class=\"qodef-icon-shortcode qodef-normal   qodef-icon-small\"  data-color=\"#000000\">\n                    <i class=\"qodef-icon-dripicons dripicon dripicons-phone qodef-icon-element\" style=\"color: #000000\" ><\/i>            <\/span>\n\t\t\t\t\t\t\t\t\t\t\t<\/span>\n\t\t\t\t\t<span class=\"qodef-iwt-title-text\">T\u00e9l\u00e9phone (\u00e9t\u00e9 seulement)<\/span>\n\t\t\t\t\t\t\t<\/h4>\n\t\t\t\t\t<\/div>\n<\/div>[vc_column_text]<em>(<\/em>514) 637-6149[\/vc_column_text][vc_empty_space height=&#8221;30px&#8221;]<div class=\"qodef-iwt clearfix  qodef-iwt-icon-left-from-title qodef-iwt-icon-small\">\n\t<div class=\"qodef-iwt-content\" >\n\t\t\t\t\t<h4 class=\"qodef-iwt-title\" style=\"color: #000000\">\n\t\t\t\t\t\t\t\t\t<span class=\"qodef-iwt-icon\">\n\t\t\t\t\t\t\t\t\t\t\t\t\t    <span class=\"qodef-icon-shortcode qodef-normal   qodef-icon-small\"  data-color=\"#000000\">\n                    <i class=\"qodef-icon-dripicons dripicon dripicons-mail qodef-icon-element\" style=\"color: #000000\" ><\/i>            <\/span>\n\t\t\t\t\t\t\t\t\t\t\t<\/span>\n\t\t\t\t\t<span class=\"qodef-iwt-title-text\">Courriels<\/span>\n\t\t\t\t\t\t\t<\/h4>\n\t\t\t\t\t<\/div>\n<\/div>[vc_column_text]For any suggestions, comments <a href=\"mailto:suggestions@piscinedixiepool.com\">suggestions@piscinedixiepool.com<\/a><\/p>\n<p>For subscriptions or other questions related to member services <a href=\"mailto:abonnements@piscinedixiepool.com\">abonnements@piscinedixiepool.com<\/a>[\/vc_column_text][\/vc_column][vc_column width=&#8221;1\/2&#8243;][vc_gmaps link=&#8221;#E-8_JTNDaWZyYW1lJTIwc3JjJTNEJTIyaHR0cHMlM0ElMkYlMkZ3d3cuZ29vZ2xlLmNvbSUyRm1hcHMlMkZlbWJlZCUzRnBiJTNEJTIxMW0xNCUyMTFtOCUyMTFtMyUyMTFkMTExOTcuMTQzNzE0NzA1ODc1JTIxMmQtNzMuNzE4MDU4JTIxM2Q0NS40NDM4OTQlMjEzbTIlMjExaTEwMjQlMjEyaTc2OCUyMTRmMTMuMSUyMTNtMyUyMTFtMiUyMTFzMHg0Y2M5MTY0MGVlMGUyNDY1JTI1M0EweDM0N2E4N2M5ZTZjN2VlYTclMjEyczY5NSUyNTIwNTRlJTI1MjBBdmVudWUlMjUyQyUyNTIwTGFjaGluZSUyNTJDJTI1MjBRQyUyNTIwSDhUJTI1MjAxTTklMjUyQyUyNTIwQ2FuYWRhJTIxNWUwJTIxM20yJTIxMXNlbiUyMTJzdXMlMjE0djE2NzU1MjcyOTkzNjklMjE1bTIlMjExc2VuJTIxMnN1cyUyMiUyMHN0eWxlJTNEJTIyYm9yZGVyJTNBMCUzQiUyMiUyMGFsbG93ZnVsbHNjcmVlbiUzRCUyMiUyMiUyMGxvYWRpbmclM0QlMjJsYXp5JTIyJTIwcmVmZXJyZXJwb2xpY3klM0QlMjJuby1yZWZlcnJlci13aGVuLWRvd25ncmFkZSUyMiUzRSUzQyUyRmlmcmFtZSUzRQ==&#8221; size=&#8221;&#8221;][\/vc_column][\/vc_row]<\/p>\n","protected":false},"excerpt":{"rendered":"<p>[vc_row content_placement=&#8221;middle&#8221;][vc_column][vc_empty_space height=&#8221;50px&#8221;][\/vc_column][\/vc_row][vc_row][vc_column width=&#8221;1\/2&#8243;][vc_empty_space height=&#8221;10px&#8221;][vc_column_text]695, 54e Avenue, Lachine, Qc\u00a0 H8T 1M9[\/vc_column_text][vc_empty_space height=&#8221;20px&#8221;][vc_column_text](514) 637-6149[\/vc_column_text][vc_empty_space height=&#8221;30px&#8221;][vc_column_text]For any suggestions, comments suggestions@piscinedixiepool.com For subscriptions or other questions related to member services abonnements@piscinedixiepool.com[\/vc_column_text][\/vc_column][vc_column width=&#8221;1\/2&#8243;][vc_gmaps link=&#8221;#E-8_JTNDaWZyYW1lJTIwc3JjJTNEJTIyaHR0cHMlM0ElMkYlMkZ3d3cuZ29vZ2xlLmNvbSUyRm1hcHMlMkZlbWJlZCUzRnBiJTNEJTIxMW0xNCUyMTFtOCUyMTFtMyUyMTFkMTExOTcuMTQzNzE0NzA1ODc1JTIxMmQtNzMuNzE4MDU4JTIxM2Q0NS40NDM4OTQlMjEzbTIlMjExaTEwMjQlMjEyaTc2OCUyMTRmMTMuMSUyMTNtMyUyMTFtMiUyMTFzMHg0Y2M5MTY0MGVlMGUyNDY1JTI1M0EweDM0N2E4N2M5ZTZjN2VlYTclMjEyczY5NSUyNTIwNTRlJTI1MjBBdmVudWUlMjUyQyUyNTIwTGFjaGluZSUyNTJDJTI1MjBRQyUyNTIwSDhUJTI1MjAxTTklMjUyQyUyNTIwQ2FuYWRhJTIxNWUwJTIxM20yJTIxMXNlbiUyMTJzdXMlMjE0djE2NzU1MjcyOTkzNjklMjE1bTIlMjExc2VuJTIxMnN1cyUyMiUyMHN0eWxlJTNEJTIyYm9yZGVyJTNBMCUzQiUyMiUyMGFsbG93ZnVsbHNjcmVlbiUzRCUyMiUyMiUyMGxvYWRpbmclM0QlMjJsYXp5JTIyJTIwcmVmZXJyZXJwb2xpY3klM0QlMjJuby1yZWZlcnJlci13aGVuLWRvd25ncmFkZSUyMiUzRSUzQyUyRmlmcmFtZSUzRQ==&#8221; size=&#8221;&#8221;][\/vc_column][\/vc_row]<\/p>\n","protected":false},"author":1,"featured_media":0,"parent":0,"menu_order":0,"comment_status":"closed","ping_status":"closed","template":"","meta":{"footnotes":""},"class_list":["post-4413","page","type-page","status-publish","hentry"],"_links":{"self":[{"href":"https:\/\/piscinedixiepool.com\/en\/wp-json\/wp\/v2\/pages\/4413","targetHints":{"allow":["GET"]}}],"collection":[{"href":"https:\/\/piscinedixiepool.com\/en\/wp-json\/wp\/v2\/pages"}],"about":[{"href":"https:\/\/piscinedixiepool.com\/en\/wp-json\/wp\/v2\/types\/page"}],"author":[{"embeddable":true,"href":"https:\/\/piscinedixiepool.com\/en\/wp-json\/wp\/v2\/users\/1"}],"replies":[{"embeddable":true,"href":"https:\/\/piscinedixiepool.com\/en\/wp-json\/wp\/v2\/comments?post=4413"}],"version-history":[{"count":0,"href":"https:\/\/piscinedixiepool.com\/en\/wp-json\/wp\/v2\/pages\/4413\/revisions"}],"wp:attachment":[{"href":"https:\/\/piscinedixiepool.com\/en\/wp-json\/wp\/v2\/media?parent=4413"}],"curies":[{"name":"wp","href":"https:\/\/api.w.org\/{rel}","templated":true}]}}