{"id":6210,"date":"2025-06-23T00:02:25","date_gmt":"2025-06-23T04:02:25","guid":{"rendered":"https:\/\/piscinedixiepool.com\/?page_id=6210"},"modified":"2025-06-23T00:02:25","modified_gmt":"2025-06-23T04:02:25","slug":"partenaire-agendrix","status":"publish","type":"page","link":"https:\/\/piscinedixiepool.com\/en\/partenaire-agendrix\/","title":{"rendered":"Partenaire-Agendrix"},"content":{"rendered":"<p>&nbsp;<\/p>\n<section id=\"block-685023ad57502\" class=\"block text\">\n<div class=\"container-small\">\n<div class=\"text-content wysiwyg\">\n<h2 class=\"h2\">Agendrix : la mani\u00e8re intelligente de simplifier la gestion de vos \u00e9quipes<\/h2>\n<h3 class=\"h2\">Les horaires de travail de votre \u00e9quipe en quelques clics<i>.<br \/>\n<\/i><\/h3>\n<\/div>\n<\/div>\n<\/section>\n<ul>\n<li>Mieux g\u00e9rer les horaires de travail<\/li>\n<li>Suivre les heures d\u2019arriv\u00e9e et de sortie<\/li>\n<li>Centraliser leur gestion des RH<\/li>\n<li>Communiquer avec leur \u00e9quipe<\/li>\n<\/ul>\n<p><img loading=\"lazy\" decoding=\"async\" class=\"alignnone wp-image-6211 size-full\" src=\"https:\/\/piscinedixiepool.com\/wp-content\/uploads\/2025\/06\/IMG_0067.jpeg\" alt=\"\" width=\"2186\" height=\"984\" srcset=\"https:\/\/piscinedixiepool.com\/wp-content\/uploads\/2025\/06\/IMG_0067.jpeg 2186w, https:\/\/piscinedixiepool.com\/wp-content\/uploads\/2025\/06\/IMG_0067-300x135.jpeg 300w, https:\/\/piscinedixiepool.com\/wp-content\/uploads\/2025\/06\/IMG_0067-1024x461.jpeg 1024w, https:\/\/piscinedixiepool.com\/wp-content\/uploads\/2025\/06\/IMG_0067-768x346.jpeg 768w, https:\/\/piscinedixiepool.com\/wp-content\/uploads\/2025\/06\/IMG_0067-1536x691.jpeg 1536w, https:\/\/piscinedixiepool.com\/wp-content\/uploads\/2025\/06\/IMG_0067-18x8.jpeg 18w\" sizes=\"auto, (max-width: 2186px) 100vw, 2186px\" \/><\/p>\n<p>\ud83d\udc49\ud83c\udffc\u00a0<a href=\"https:\/\/www.google.com\/aclk?sa=L&amp;ai=DChsSEwiWupGi0YaOAxVLNggFHS64HlUYACICCAEQABoCbWQ&amp;co=1&amp;gclid=Cj0KCQjw097CBhDIARIsAJ3-nxcFYMcVpQXzTiJ5MxwJ19tPKL9H7cjLR5G807dhx7PPHuN5BiTDiQQaArHUEALw_wcB&amp;cce=1&amp;sig=AOD64_0_u2Exz0zir9uIUMOL3PbBe7GXbw&amp;q&amp;adurl&amp;ved=2ahUKEwjMh42i0YaOAxXvkYkEHanlGcoQ0Qx6BAgZEAE\">http:\/\/Agendrix site officiel<\/a><\/p>\n","protected":false},"excerpt":{"rendered":"<p>&nbsp; Agendrix : la mani\u00e8re intelligente de simplifier la gestion de vos \u00e9quipes Les horaires de travail de votre \u00e9quipe en quelques clics. Mieux g\u00e9rer les horaires de travail Suivre les heures d\u2019arriv\u00e9e et de sortie Centraliser leur gestion des [&hellip;]<\/p>\n","protected":false},"author":119,"featured_media":0,"parent":0,"menu_order":0,"comment_status":"closed","ping_status":"closed","template":"","meta":{"footnotes":""},"class_list":["post-6210","page","type-page","status-publish","hentry"],"_links":{"self":[{"href":"https:\/\/piscinedixiepool.com\/en\/wp-json\/wp\/v2\/pages\/6210","targetHints":{"allow":["GET"]}}],"collection":[{"href":"https:\/\/piscinedixiepool.com\/en\/wp-json\/wp\/v2\/pages"}],"about":[{"href":"https:\/\/piscinedixiepool.com\/en\/wp-json\/wp\/v2\/types\/page"}],"author":[{"embeddable":true,"href":"https:\/\/piscinedixiepool.com\/en\/wp-json\/wp\/v2\/users\/119"}],"replies":[{"embeddable":true,"href":"https:\/\/piscinedixiepool.com\/en\/wp-json\/wp\/v2\/comments?post=6210"}],"version-history":[{"count":1,"href":"https:\/\/piscinedixiepool.com\/en\/wp-json\/wp\/v2\/pages\/6210\/revisions"}],"predecessor-version":[{"id":6213,"href":"https:\/\/piscinedixiepool.com\/en\/wp-json\/wp\/v2\/pages\/6210\/revisions\/6213"}],"wp:attachment":[{"href":"https:\/\/piscinedixiepool.com\/en\/wp-json\/wp\/v2\/media?parent=6210"}],"curies":[{"name":"wp","href":"https:\/\/api.w.org\/{rel}","templated":true}]}}